{"id":14934,"date":"2022-10-17T19:18:44","date_gmt":"2022-10-17T17:18:44","guid":{"rendered":"https:\/\/maria.tk\/?page_id=14934"},"modified":"2022-10-18T20:11:02","modified_gmt":"2022-10-18T18:11:02","slug":"tankas","status":"publish","type":"page","link":"https:\/\/maria.guidodettoni.com\/it\/inspirations\/tankas\/","title":{"rendered":"TANKAS"},"content":{"rendered":"\t\t<div data-elementor-type=\"wp-page\" data-elementor-id=\"14934\" class=\"elementor elementor-14934\" data-elementor-post-type=\"page\">\n\t\t\t\t\t\t<section class=\"elementor-section elementor-top-section elementor-element elementor-element-fbf691b elementor-section-boxed elementor-section-height-default elementor-section-height-default\" data-id=\"fbf691b\" data-element_type=\"section\" data-settings=\"{&quot;jet_parallax_layout_list&quot;:[]}\">\n\t\t\t\t\t\t<div class=\"elementor-container elementor-column-gap-default\">\n\t\t\t\t\t<div class=\"elementor-column elementor-col-100 elementor-top-column elementor-element elementor-element-adbac0f\" data-id=\"adbac0f\" data-element_type=\"column\">\n\t\t\t<div class=\"elementor-widget-wrap elementor-element-populated\">\n\t\t\t\t\t\t<div class=\"elementor-element elementor-element-225738e elementor-widget elementor-widget-breadcrumbs\" data-id=\"225738e\" data-element_type=\"widget\" data-widget_type=\"breadcrumbs.default\">\n\t\t\t\t<div class=\"elementor-widget-container\">\n\t\t\t\t\t<p id=\"breadcrumbs\"><span><span><a href=\"https:\/\/maria.guidodettoni.com\/it\/\">HOME<\/a><\/span><\/span><\/p>\t\t\t\t<\/div>\n\t\t\t\t<\/div>\n\t\t\t\t\t<\/div>\n\t\t<\/div>\n\t\t\t\t\t<\/div>\n\t\t<\/section>\n\t\t\t\t<section class=\"elementor-section elementor-top-section elementor-element elementor-element-5394c47 elementor-section-full_width elementor-section-content-middle elementor-section-height-default elementor-section-height-default\" data-id=\"5394c47\" data-element_type=\"section\" data-settings=\"{&quot;background_background&quot;:&quot;classic&quot;,&quot;jet_parallax_layout_list&quot;:[]}\">\n\t\t\t\t\t\t\t<div class=\"elementor-background-overlay\"><\/div>\n\t\t\t\t\t\t\t<div class=\"elementor-container elementor-column-gap-default\">\n\t\t\t\t\t<div class=\"elementor-column elementor-col-100 elementor-top-column elementor-element elementor-element-d2ab7c2\" data-id=\"d2ab7c2\" data-element_type=\"column\">\n\t\t\t<div class=\"elementor-widget-wrap elementor-element-populated\">\n\t\t\t\t\t\t<div class=\"elementor-element elementor-element-c1957d1 elementor-widget elementor-widget-heading\" data-id=\"c1957d1\" data-element_type=\"widget\" data-widget_type=\"heading.default\">\n\t\t\t\t<div class=\"elementor-widget-container\">\n\t\t\t\t\t<h2 class=\"elementor-heading-title elementor-size-default\">TANKAS<\/h2>\t\t\t\t<\/div>\n\t\t\t\t<\/div>\n\t\t\t\t<div class=\"elementor-element elementor-element-6c201a2 animated-slow elementor-invisible elementor-widget elementor-widget-text-editor\" data-id=\"6c201a2\" data-element_type=\"widget\" data-settings=\"{&quot;_animation&quot;:&quot;fadeIn&quot;,&quot;_animation_delay&quot;:100}\" data-widget_type=\"text-editor.default\">\n\t\t\t\t<div class=\"elementor-widget-container\">\n\t\t\t\t\t\t\t\t\t<p style=\"text-align: center;\"><em>* Poem of Japanese origin consisting of five lines, the first and third pentasyllables, and the rest heptasyllabic.<\/em><\/p><p style=\"text-align: center;\"><img decoding=\"async\" class=\"wp-image-12747 size-thumbnail aligncenter\" src=\"https:\/\/maria.guidodettoni.com\/wp-content\/uploads\/2022\/09\/maria-kneeling-150x150.jpg\" alt=\"\" width=\"150\" height=\"150\" srcset=\"https:\/\/maria.guidodettoni.com\/wp-content\/uploads\/2022\/09\/maria-kneeling-150x150.jpg 150w, https:\/\/maria.guidodettoni.com\/wp-content\/uploads\/2022\/09\/maria-kneeling-300x300.jpg 300w, https:\/\/maria.guidodettoni.com\/wp-content\/uploads\/2022\/09\/maria-kneeling-100x100.jpg 100w, https:\/\/maria.guidodettoni.com\/wp-content\/uploads\/2022\/09\/maria-kneeling.jpg 591w\" sizes=\"(max-width: 150px) 100vw, 150px\" \/>Quina paraula<br \/>em trasbalsa l\u2019\u00e9sser!<br \/>Em sent confosa<br \/>per l&#8217;oreig que aleteja<br \/>en l\u2019alcova secreta!<\/p><p style=\"text-align: center;\"><img decoding=\"async\" class=\"wp-image-12752 size-thumbnail aligncenter\" src=\"https:\/\/maria.guidodettoni.com\/wp-content\/uploads\/2022\/09\/maria-she-carries-the-pitcher-to-the-well-150x150.jpg\" alt=\"\" width=\"150\" height=\"150\" srcset=\"https:\/\/maria.guidodettoni.com\/wp-content\/uploads\/2022\/09\/maria-she-carries-the-pitcher-to-the-well-150x150.jpg 150w, https:\/\/maria.guidodettoni.com\/wp-content\/uploads\/2022\/09\/maria-she-carries-the-pitcher-to-the-well-300x300.jpg 300w, https:\/\/maria.guidodettoni.com\/wp-content\/uploads\/2022\/09\/maria-she-carries-the-pitcher-to-the-well-100x100.jpg 100w, https:\/\/maria.guidodettoni.com\/wp-content\/uploads\/2022\/09\/maria-she-carries-the-pitcher-to-the-well.jpg 591w\" sizes=\"(max-width: 150px) 100vw, 150px\" \/>\u00a0<span style=\"color: var( --e-global-color-secondary );\">Corba com l\u2019\u00e0mfora,<br \/><\/span><span style=\"color: var( --e-global-color-secondary );\">aboques aigua tr\u00e8mula.<br \/><\/span>\u00c9s font de Vida<br \/>que esponja la preg\u00e0ria<br \/>d&#8217;un anhel que no cessa .<\/p><p style=\"text-align: center;\"><img decoding=\"async\" class=\"wp-image-12759 size-thumbnail aligncenter\" src=\"https:\/\/maria.guidodettoni.com\/wp-content\/uploads\/2022\/09\/maria-she-is-expecting-150x150.jpg\" alt=\"\" width=\"150\" height=\"150\" srcset=\"https:\/\/maria.guidodettoni.com\/wp-content\/uploads\/2022\/09\/maria-she-is-expecting-150x150.jpg 150w, https:\/\/maria.guidodettoni.com\/wp-content\/uploads\/2022\/09\/maria-she-is-expecting-300x300.jpg 300w, https:\/\/maria.guidodettoni.com\/wp-content\/uploads\/2022\/09\/maria-she-is-expecting-100x100.jpg 100w, https:\/\/maria.guidodettoni.com\/wp-content\/uploads\/2022\/09\/maria-she-is-expecting.jpg 591w\" sizes=\"(max-width: 150px) 100vw, 150px\" \/>\u00a0<span style=\"color: var( --e-global-color-secondary );\">Turgent el ventre<br \/><\/span><span style=\"color: var( --e-global-color-secondary );\">de llavor del nou Home,<br \/><\/span><span style=\"color: var( --e-global-color-secondary );\">claror que \u00e9s l&#8217;Alfa<br \/><\/span>o infinit que es limita<br \/>i esdevindr\u00e0 l&#8217;Omega .<\/p><p style=\"text-align: center;\"><img loading=\"lazy\" decoding=\"async\" class=\"wp-image-12767 size-thumbnail aligncenter\" src=\"https:\/\/maria.guidodettoni.com\/wp-content\/uploads\/2022\/09\/maria-with-the-child-150x150.jpg\" alt=\"\" width=\"150\" height=\"150\" srcset=\"https:\/\/maria.guidodettoni.com\/wp-content\/uploads\/2022\/09\/maria-with-the-child-150x150.jpg 150w, https:\/\/maria.guidodettoni.com\/wp-content\/uploads\/2022\/09\/maria-with-the-child-300x300.jpg 300w, https:\/\/maria.guidodettoni.com\/wp-content\/uploads\/2022\/09\/maria-with-the-child-100x100.jpg 100w, https:\/\/maria.guidodettoni.com\/wp-content\/uploads\/2022\/09\/maria-with-the-child.jpg 591w\" sizes=\"(max-width: 150px) 100vw, 150px\" \/>Veu que bressola<br \/>plor o somnis, manyaga,<br \/>tan prop del cor!<br \/>S&#8217;hi repenja l\u2019Infant<br \/>fent-ne un cost\u00f3s silenci<\/p><p style=\"text-align: center;\"><img loading=\"lazy\" decoding=\"async\" class=\"wp-image-12762 size-thumbnail aligncenter\" src=\"https:\/\/maria.guidodettoni.com\/wp-content\/uploads\/2022\/09\/maria-the-dove-of-peace-150x150.jpg\" alt=\"\" width=\"150\" height=\"150\" srcset=\"https:\/\/maria.guidodettoni.com\/wp-content\/uploads\/2022\/09\/maria-the-dove-of-peace-150x150.jpg 150w, https:\/\/maria.guidodettoni.com\/wp-content\/uploads\/2022\/09\/maria-the-dove-of-peace-300x300.jpg 300w, https:\/\/maria.guidodettoni.com\/wp-content\/uploads\/2022\/09\/maria-the-dove-of-peace-100x100.jpg 100w, https:\/\/maria.guidodettoni.com\/wp-content\/uploads\/2022\/09\/maria-the-dove-of-peace.jpg 591w\" sizes=\"(max-width: 150px) 100vw, 150px\" \/>No sents el cant<br \/>del colom que s&#8217;acosta?<br \/>Et porta un regust<br \/>d&#8217;eternitat que guaita<br \/>en coda gest quan toques<\/p><p style=\"text-align: center;\"><img loading=\"lazy\" decoding=\"async\" class=\"wp-image-14437 size-thumbnail aligncenter\" src=\"https:\/\/maria.guidodettoni.com\/wp-content\/uploads\/2022\/10\/maria-guido-dettoni-hands-8-150x150.jpg\" alt=\"\" width=\"150\" height=\"150\" srcset=\"https:\/\/maria.guidodettoni.com\/wp-content\/uploads\/2022\/10\/maria-guido-dettoni-hands-8-150x150.jpg 150w, https:\/\/maria.guidodettoni.com\/wp-content\/uploads\/2022\/10\/maria-guido-dettoni-hands-8-300x300.jpg 300w, https:\/\/maria.guidodettoni.com\/wp-content\/uploads\/2022\/10\/maria-guido-dettoni-hands-8-600x600.jpg 600w, https:\/\/maria.guidodettoni.com\/wp-content\/uploads\/2022\/10\/maria-guido-dettoni-hands-8-100x100.jpg 100w, https:\/\/maria.guidodettoni.com\/wp-content\/uploads\/2022\/10\/maria-guido-dettoni-hands-8.jpg 624w\" sizes=\"(max-width: 150px) 100vw, 150px\" \/>Els ulls se&#8217;m clouen<br \/>i sorgeix l&#8217;esperan\u00e7a<br \/>de viure sempre<br \/>en la m\u00e0 que em cont\u00e9,<br \/>en l&#8217;ull que em contempla<\/p><h6 style=\"text-align: center;\">Miquel Ambr\u00f2s i Albert\u00ed<br \/><em>Theologist and expert in oriental sciences<br \/><\/em><em>Palma de Mallorca, 2000<\/em><\/h6>\t\t\t\t\t\t\t\t<\/div>\n\t\t\t\t<\/div>\n\t\t\t\t\t<\/div>\n\t\t<\/div>\n\t\t\t\t\t<\/div>\n\t\t<\/section>\n\t\t\t\t<\/div>\n\t\t","protected":false},"excerpt":{"rendered":"<p>TANKAS * Poem of Japanese origin consisting of five lines, the first and third pentasyllables, and the rest heptasyllabic. Quina paraulaem trasbalsa l\u2019\u00e9sser!Em sent confosaper l&#8217;oreig que aletejaen l\u2019alcova secreta! \u00a0Corba com l\u2019\u00e0mfora,aboques aigua tr\u00e8mula.\u00c9s font de Vidaque esponja la preg\u00e0riad&#8217;un anhel que no cessa . \u00a0Turgent el ventrede llavor del nou Home,claror que \u00e9s &#8230; <\/p>\n<p class=\"read-more-container\"><a title=\"TANKAS\" class=\"read-more button\" href=\"https:\/\/maria.guidodettoni.com\/it\/inspirations\/tankas\/#more-14934\" aria-label=\"More on TANKAS\">Leggi tutto<\/a><\/p>\n","protected":false},"author":13,"featured_media":12767,"parent":12900,"menu_order":0,"comment_status":"closed","ping_status":"closed","template":"","meta":{"_acf_changed":false,"footnotes":""},"class_list":["post-14934","page","type-page","status-publish","has-post-thumbnail"],"acf":[],"yoast_head":"<!-- This site is optimized with the Yoast SEO plugin v24.4 - https:\/\/yoast.com\/wordpress\/plugins\/seo\/ -->\n<title>TANKAS - MARIA by Guido Dettoni della Grazia<\/title>\n<meta name=\"description\" content=\"The poem &quot;TANKAS&quot; by Miquel Ambr\u00f2s i Albert\u00ed, Theologist and expert in oriental sciences, Palma di Maiorca 2000\" \/>\n<meta name=\"robots\" content=\"index, follow, max-snippet:-1, max-image-preview:large, max-video-preview:-1\" \/>\n<link rel=\"canonical\" href=\"https:\/\/maria.guidodettoni.com\/it\/inspirations\/tankas\/\" \/>\n<meta property=\"og:locale\" content=\"it_IT\" \/>\n<meta property=\"og:type\" content=\"article\" \/>\n<meta property=\"og:title\" content=\"TANKAS - MARIA by Guido Dettoni della Grazia\" \/>\n<meta property=\"og:description\" content=\"The poem &quot;TANKAS&quot; by Miquel Ambr\u00f2s i Albert\u00ed, Theologist and expert in oriental sciences, Palma di Maiorca 2000\" \/>\n<meta property=\"og:url\" content=\"https:\/\/maria.guidodettoni.com\/it\/inspirations\/tankas\/\" \/>\n<meta property=\"og:site_name\" content=\"MARIA\" \/>\n<meta property=\"article:publisher\" content=\"https:\/\/www.facebook.com\/mostramaria\" \/>\n<meta property=\"article:modified_time\" content=\"2022-10-18T18:11:02+00:00\" \/>\n<meta property=\"og:image\" content=\"https:\/\/maria.guidodettoni.com\/wp-content\/uploads\/2022\/09\/maria-with-the-child.jpg\" \/>\n\t<meta property=\"og:image:width\" content=\"591\" \/>\n\t<meta property=\"og:image:height\" content=\"591\" \/>\n\t<meta property=\"og:image:type\" content=\"image\/jpeg\" \/>\n<meta name=\"twitter:card\" content=\"summary_large_image\" \/>\n<meta name=\"twitter:label1\" content=\"Tempo di lettura stimato\" \/>\n\t<meta name=\"twitter:data1\" content=\"2 minuti\" \/>\n<script type=\"application\/ld+json\" class=\"yoast-schema-graph\">{\"@context\":\"https:\/\/schema.org\",\"@graph\":[{\"@type\":\"WebPage\",\"@id\":\"https:\/\/maria.guidodettoni.com\/it\/inspirations\/tankas\/\",\"url\":\"https:\/\/maria.guidodettoni.com\/it\/inspirations\/tankas\/\",\"name\":\"TANKAS - MARIA by Guido Dettoni della Grazia\",\"isPartOf\":{\"@id\":\"https:\/\/maria.guidodettoni.com\/it\/#website\"},\"primaryImageOfPage\":{\"@id\":\"https:\/\/maria.guidodettoni.com\/it\/inspirations\/tankas\/#primaryimage\"},\"image\":{\"@id\":\"https:\/\/maria.guidodettoni.com\/it\/inspirations\/tankas\/#primaryimage\"},\"thumbnailUrl\":\"https:\/\/maria.guidodettoni.com\/wp-content\/uploads\/2022\/09\/maria-with-the-child.jpg\",\"datePublished\":\"2022-10-17T17:18:44+00:00\",\"dateModified\":\"2022-10-18T18:11:02+00:00\",\"description\":\"The poem \\\"TANKAS\\\" by Miquel Ambr\u00f2s i Albert\u00ed, Theologist and expert in oriental sciences, Palma di Maiorca 2000\",\"breadcrumb\":{\"@id\":\"https:\/\/maria.guidodettoni.com\/it\/inspirations\/tankas\/#breadcrumb\"},\"inLanguage\":\"it-IT\",\"potentialAction\":[{\"@type\":\"ReadAction\",\"target\":[\"https:\/\/maria.guidodettoni.com\/it\/inspirations\/tankas\/\"]}]},{\"@type\":\"ImageObject\",\"inLanguage\":\"it-IT\",\"@id\":\"https:\/\/maria.guidodettoni.com\/it\/inspirations\/tankas\/#primaryimage\",\"url\":\"https:\/\/maria.guidodettoni.com\/wp-content\/uploads\/2022\/09\/maria-with-the-child.jpg\",\"contentUrl\":\"https:\/\/maria.guidodettoni.com\/wp-content\/uploads\/2022\/09\/maria-with-the-child.jpg\",\"width\":591,\"height\":591,\"caption\":\"with the child\"},{\"@type\":\"BreadcrumbList\",\"@id\":\"https:\/\/maria.guidodettoni.com\/it\/inspirations\/tankas\/#breadcrumb\",\"itemListElement\":[{\"@type\":\"ListItem\",\"position\":1,\"name\":\"HOME\",\"item\":\"https:\/\/maria.guidodettoni.com\/it\/\"},{\"@type\":\"ListItem\",\"position\":2,\"name\":\"Inspirations\",\"item\":\"https:\/\/maria.guidodettoni.com\/it\/inspirations\/\"},{\"@type\":\"ListItem\",\"position\":3,\"name\":\"TANKAS\"}]},{\"@type\":\"WebSite\",\"@id\":\"https:\/\/maria.guidodettoni.com\/it\/#website\",\"url\":\"https:\/\/maria.guidodettoni.com\/it\/\",\"name\":\"MARIA\",\"description\":\"by Guido Dettoni della Grazia\",\"publisher\":{\"@id\":\"https:\/\/maria.guidodettoni.com\/it\/#organization\"},\"alternateName\":\"by Guido Dettoni della Grazia\",\"potentialAction\":[{\"@type\":\"SearchAction\",\"target\":{\"@type\":\"EntryPoint\",\"urlTemplate\":\"https:\/\/maria.guidodettoni.com\/it\/?s={search_term_string}\"},\"query-input\":{\"@type\":\"PropertyValueSpecification\",\"valueRequired\":true,\"valueName\":\"search_term_string\"}}],\"inLanguage\":\"it-IT\"},{\"@type\":\"Organization\",\"@id\":\"https:\/\/maria.guidodettoni.com\/it\/#organization\",\"name\":\"MARIA\",\"alternateName\":\"MARIA\",\"url\":\"https:\/\/maria.guidodettoni.com\/it\/\",\"logo\":{\"@type\":\"ImageObject\",\"inLanguage\":\"it-IT\",\"@id\":\"https:\/\/maria.guidodettoni.com\/it\/#\/schema\/logo\/image\/\",\"url\":\"https:\/\/maria.guidodettoni.com\/wp-content\/uploads\/2022\/11\/maria-pic-logo.jpg\",\"contentUrl\":\"https:\/\/maria.guidodettoni.com\/wp-content\/uploads\/2022\/11\/maria-pic-logo.jpg\",\"width\":300,\"height\":300,\"caption\":\"MARIA\"},\"image\":{\"@id\":\"https:\/\/maria.guidodettoni.com\/it\/#\/schema\/logo\/image\/\"},\"sameAs\":[\"https:\/\/www.facebook.com\/mostramaria\",\"https:\/\/www.instagram.com\/mariaescultura\/\",\"https:\/\/www.youtube.com\/user\/nesherorg\",\"https:\/\/vimeo.com\/neshereditions\"]}]}<\/script>\n<!-- \/ Yoast SEO plugin. -->","yoast_head_json":{"title":"TANKAS - MARIA by Guido Dettoni della Grazia","description":"The poem \"TANKAS\" by Miquel Ambr\u00f2s i Albert\u00ed, Theologist and expert in oriental sciences, Palma di Maiorca 2000","robots":{"index":"index","follow":"follow","max-snippet":"max-snippet:-1","max-image-preview":"max-image-preview:large","max-video-preview":"max-video-preview:-1"},"canonical":"https:\/\/maria.guidodettoni.com\/it\/inspirations\/tankas\/","og_locale":"it_IT","og_type":"article","og_title":"TANKAS - MARIA by Guido Dettoni della Grazia","og_description":"The poem \"TANKAS\" by Miquel Ambr\u00f2s i Albert\u00ed, Theologist and expert in oriental sciences, Palma di Maiorca 2000","og_url":"https:\/\/maria.guidodettoni.com\/it\/inspirations\/tankas\/","og_site_name":"MARIA","article_publisher":"https:\/\/www.facebook.com\/mostramaria","article_modified_time":"2022-10-18T18:11:02+00:00","og_image":[{"width":591,"height":591,"url":"https:\/\/maria.guidodettoni.com\/wp-content\/uploads\/2022\/09\/maria-with-the-child.jpg","type":"image\/jpeg"}],"twitter_card":"summary_large_image","twitter_misc":{"Tempo di lettura stimato":"2 minuti"},"schema":{"@context":"https:\/\/schema.org","@graph":[{"@type":"WebPage","@id":"https:\/\/maria.guidodettoni.com\/it\/inspirations\/tankas\/","url":"https:\/\/maria.guidodettoni.com\/it\/inspirations\/tankas\/","name":"TANKAS - MARIA by Guido Dettoni della Grazia","isPartOf":{"@id":"https:\/\/maria.guidodettoni.com\/it\/#website"},"primaryImageOfPage":{"@id":"https:\/\/maria.guidodettoni.com\/it\/inspirations\/tankas\/#primaryimage"},"image":{"@id":"https:\/\/maria.guidodettoni.com\/it\/inspirations\/tankas\/#primaryimage"},"thumbnailUrl":"https:\/\/maria.guidodettoni.com\/wp-content\/uploads\/2022\/09\/maria-with-the-child.jpg","datePublished":"2022-10-17T17:18:44+00:00","dateModified":"2022-10-18T18:11:02+00:00","description":"The poem \"TANKAS\" by Miquel Ambr\u00f2s i Albert\u00ed, Theologist and expert in oriental sciences, Palma di Maiorca 2000","breadcrumb":{"@id":"https:\/\/maria.guidodettoni.com\/it\/inspirations\/tankas\/#breadcrumb"},"inLanguage":"it-IT","potentialAction":[{"@type":"ReadAction","target":["https:\/\/maria.guidodettoni.com\/it\/inspirations\/tankas\/"]}]},{"@type":"ImageObject","inLanguage":"it-IT","@id":"https:\/\/maria.guidodettoni.com\/it\/inspirations\/tankas\/#primaryimage","url":"https:\/\/maria.guidodettoni.com\/wp-content\/uploads\/2022\/09\/maria-with-the-child.jpg","contentUrl":"https:\/\/maria.guidodettoni.com\/wp-content\/uploads\/2022\/09\/maria-with-the-child.jpg","width":591,"height":591,"caption":"with the child"},{"@type":"BreadcrumbList","@id":"https:\/\/maria.guidodettoni.com\/it\/inspirations\/tankas\/#breadcrumb","itemListElement":[{"@type":"ListItem","position":1,"name":"HOME","item":"https:\/\/maria.guidodettoni.com\/it\/"},{"@type":"ListItem","position":2,"name":"Inspirations","item":"https:\/\/maria.guidodettoni.com\/it\/inspirations\/"},{"@type":"ListItem","position":3,"name":"TANKAS"}]},{"@type":"WebSite","@id":"https:\/\/maria.guidodettoni.com\/it\/#website","url":"https:\/\/maria.guidodettoni.com\/it\/","name":"MARIA","description":"by Guido Dettoni della Grazia","publisher":{"@id":"https:\/\/maria.guidodettoni.com\/it\/#organization"},"alternateName":"by Guido Dettoni della Grazia","potentialAction":[{"@type":"SearchAction","target":{"@type":"EntryPoint","urlTemplate":"https:\/\/maria.guidodettoni.com\/it\/?s={search_term_string}"},"query-input":{"@type":"PropertyValueSpecification","valueRequired":true,"valueName":"search_term_string"}}],"inLanguage":"it-IT"},{"@type":"Organization","@id":"https:\/\/maria.guidodettoni.com\/it\/#organization","name":"MARIA","alternateName":"MARIA","url":"https:\/\/maria.guidodettoni.com\/it\/","logo":{"@type":"ImageObject","inLanguage":"it-IT","@id":"https:\/\/maria.guidodettoni.com\/it\/#\/schema\/logo\/image\/","url":"https:\/\/maria.guidodettoni.com\/wp-content\/uploads\/2022\/11\/maria-pic-logo.jpg","contentUrl":"https:\/\/maria.guidodettoni.com\/wp-content\/uploads\/2022\/11\/maria-pic-logo.jpg","width":300,"height":300,"caption":"MARIA"},"image":{"@id":"https:\/\/maria.guidodettoni.com\/it\/#\/schema\/logo\/image\/"},"sameAs":["https:\/\/www.facebook.com\/mostramaria","https:\/\/www.instagram.com\/mariaescultura\/","https:\/\/www.youtube.com\/user\/nesherorg","https:\/\/vimeo.com\/neshereditions"]}]}},"_links":{"self":[{"href":"https:\/\/maria.guidodettoni.com\/it\/wp-json\/wp\/v2\/pages\/14934","targetHints":{"allow":["GET"]}}],"collection":[{"href":"https:\/\/maria.guidodettoni.com\/it\/wp-json\/wp\/v2\/pages"}],"about":[{"href":"https:\/\/maria.guidodettoni.com\/it\/wp-json\/wp\/v2\/types\/page"}],"author":[{"embeddable":true,"href":"https:\/\/maria.guidodettoni.com\/it\/wp-json\/wp\/v2\/users\/13"}],"replies":[{"embeddable":true,"href":"https:\/\/maria.guidodettoni.com\/it\/wp-json\/wp\/v2\/comments?post=14934"}],"version-history":[{"count":11,"href":"https:\/\/maria.guidodettoni.com\/it\/wp-json\/wp\/v2\/pages\/14934\/revisions"}],"predecessor-version":[{"id":15154,"href":"https:\/\/maria.guidodettoni.com\/it\/wp-json\/wp\/v2\/pages\/14934\/revisions\/15154"}],"up":[{"embeddable":true,"href":"https:\/\/maria.guidodettoni.com\/it\/wp-json\/wp\/v2\/pages\/12900"}],"wp:featuredmedia":[{"embeddable":true,"href":"https:\/\/maria.guidodettoni.com\/it\/wp-json\/wp\/v2\/media\/12767"}],"wp:attachment":[{"href":"https:\/\/maria.guidodettoni.com\/it\/wp-json\/wp\/v2\/media?parent=14934"}],"curies":[{"name":"wp","href":"https:\/\/api.w.org\/{rel}","templated":true}]}}