{"id":18029,"date":"2022-09-14T14:26:32","date_gmt":"2022-09-14T12:26:32","guid":{"rendered":"https:\/\/maria.tk\/ispirazioni\/icona-multiforme-maria\/"},"modified":"2022-12-07T21:38:34","modified_gmt":"2022-12-07T20:38:34","slug":"icona-multiforme-maria","status":"publish","type":"page","link":"https:\/\/maria.guidodettoni.com\/it\/ispirazioni\/icona-multiforme-maria\/","title":{"rendered":"L\u2019Icona multiforme Maria"},"content":{"rendered":"\t\t<div data-elementor-type=\"wp-page\" data-elementor-id=\"18029\" class=\"elementor elementor-18029 elementor-13446\" data-elementor-post-type=\"page\">\n\t\t\t\t\t\t<section class=\"elementor-section elementor-top-section elementor-element elementor-element-e89cba5 elementor-section-boxed elementor-section-height-default elementor-section-height-default\" data-id=\"e89cba5\" data-element_type=\"section\" data-settings=\"{&quot;jet_parallax_layout_list&quot;:[]}\">\n\t\t\t\t\t\t<div class=\"elementor-container elementor-column-gap-default\">\n\t\t\t\t\t<div class=\"elementor-column elementor-col-100 elementor-top-column elementor-element elementor-element-e6af92f\" data-id=\"e6af92f\" data-element_type=\"column\">\n\t\t\t<div class=\"elementor-widget-wrap elementor-element-populated\">\n\t\t\t\t\t\t<div class=\"elementor-element elementor-element-6b5b02c elementor-widget elementor-widget-breadcrumbs\" data-id=\"6b5b02c\" data-element_type=\"widget\" data-widget_type=\"breadcrumbs.default\">\n\t\t\t\t<div class=\"elementor-widget-container\">\n\t\t\t\t\t<p id=\"breadcrumbs\"><span><span><a href=\"https:\/\/maria.guidodettoni.com\/it\/\">HOME<\/a><\/span><\/span><\/p>\t\t\t\t<\/div>\n\t\t\t\t<\/div>\n\t\t\t\t\t<\/div>\n\t\t<\/div>\n\t\t\t\t\t<\/div>\n\t\t<\/section>\n\t\t\t\t<section class=\"elementor-section elementor-top-section elementor-element elementor-element-5394c47 elementor-section-full_width elementor-section-content-middle elementor-section-height-default elementor-section-height-default\" data-id=\"5394c47\" data-element_type=\"section\" data-settings=\"{&quot;background_background&quot;:&quot;classic&quot;,&quot;jet_parallax_layout_list&quot;:[]}\">\n\t\t\t\t\t\t\t<div class=\"elementor-background-overlay\"><\/div>\n\t\t\t\t\t\t\t<div class=\"elementor-container elementor-column-gap-default\">\n\t\t\t\t\t<div class=\"elementor-column elementor-col-100 elementor-top-column elementor-element elementor-element-d2ab7c2\" data-id=\"d2ab7c2\" data-element_type=\"column\">\n\t\t\t<div class=\"elementor-widget-wrap elementor-element-populated\">\n\t\t\t\t\t\t<div class=\"elementor-element elementor-element-6872d17 elementor-widget elementor-widget-heading\" data-id=\"6872d17\" data-element_type=\"widget\" data-widget_type=\"heading.default\">\n\t\t\t\t<div class=\"elementor-widget-container\">\n\t\t\t\t\t<h2 class=\"elementor-heading-title elementor-size-default\">L\u2019Icona multiforme Maria<\/h2>\t\t\t\t<\/div>\n\t\t\t\t<\/div>\n\t\t\t\t<div class=\"elementor-element elementor-element-2280c7c elementor-widget elementor-widget-heading\" data-id=\"2280c7c\" data-element_type=\"widget\" data-widget_type=\"heading.default\">\n\t\t\t\t<div class=\"elementor-widget-container\">\n\t\t\t\t\t<h3 class=\"elementor-heading-title elementor-size-default\"><a href=\"https:\/\/maria.guidodettoni.com\/it\/la-statua\/\">La statua<\/a><\/h3>\t\t\t\t<\/div>\n\t\t\t\t<\/div>\n\t\t\t\t<div class=\"elementor-element elementor-element-6c201a2 animated-slow elementor-invisible elementor-widget elementor-widget-text-editor\" data-id=\"6c201a2\" data-element_type=\"widget\" data-settings=\"{&quot;_animation&quot;:&quot;fadeIn&quot;,&quot;_animation_delay&quot;:100}\" data-widget_type=\"text-editor.default\">\n\t\t\t\t<div class=\"elementor-widget-container\">\n\t\t\t\t\t\t\t\t\t<h3><em style=\"color: var( --e-global-color-secondary ); font-size: 18px;\">Vi annunciamo ci\u00f2 che abbiamo sentito, ci\u00f2 che abbiamo visto con i nostri occhi, ci\u00f2 che abbiamo toccato con le nostre mani: la Parola della Vita.<\/em><span style=\"color: var( --e-global-color-secondary ); font-size: 18px;\"> (1 Giovanni: v.l)<\/span><\/h3>\n<p>Siamo abituati a pregare davanti all&#8217;immagine di Maria; ora possiamo pregare &#8220;con&#8221; l&#8217;immagine di Maria che le mani toccano e contengono. In altre parole, l&#8217;immagine non \u00e8 esclusa dal gesto della preghiera, ma \u201c\u00e8\u201d il gesto stesso della preghiera. L&#8217;immagine diventa cos\u00ec testimone e contenuto della devozione di chi sta pregando. Oggetto e soggetto della preghiera sono uniti. Non \u00e8 questa l&#8217;aspirazione pi\u00f9 alta di ogni persona che cerca l&#8217;unione mistica?<\/p>\n<p>Maria \u00e8 sempre stata vista in intima relazione con il mistero di suo Figlio, Ges\u00f9. Per questo il suo titolo per eccellenza \u00e8 di Madre di Dio. Fino al XIII secolo era sempre rappresentata con il Bambino in braccio o sulle ginocchia. La Vergine col Bambino \u00e8 quella che pi\u00f9 si accorda con il Nuovo Testamento e la tradizione cristiana, sia in Oriente sia in Occidente.<\/p>\n<p>Non c&#8217;\u00e8 il Bambino in questa scultura, ma se saprai come guardarla, lo scoprirai, salvando cos\u00ec il principio teologico della maternit\u00e0 divina senza dimenticare la verginit\u00e0.<\/p>\n<p>Dopo il Concilio di Trento, i cattolici venerano sempre pi\u00f9 l&#8217;immagine della Vergine senza il Bambino, dipinta o scolpita come una giovane donna con la luna ai suoi piedi e coronata di stelle.<\/p>\n<p>Nel capitolo XII dell&#8217;Apocalisse leggiamo: Un segno prodigioso apparve in cielo: una donna vestita di sole, con la luna ai suoi piedi che portava una corona di dodici stelle (v. 1). Sia i Santi Padri sia la liturgia, hanno ritenuto che la donna della Rivelazione fosse la figura di Maria, Madre del Signore. Questa statuetta allude alla luna crescente, e con questo elemento tradizionale si completa l&#8217;iconografia mariana.<\/p>\n<p>E perch\u00e9 questa statua non ha un volto?<\/p>\n<p>In questo sta la sua originalit\u00e0 e il suo valore. Solitamente i volti che compaiono nelle immagini di Maria provengono dai modelli che l&#8217;artista ha guardato, stilizzandone e idealizzandone al massimo le linee o l&#8217;espressione, ma la modella \u00e8 pur sempre una persona umana. Maria, invece, appartiene al mondo trascendente, come afferma il dogma cattolico dell&#8217;Assunzione. Pertanto, conferire sembianze umane, anche se di grande bellezza, a ci\u00f2 che \u00e8 trascendente, non \u00e8 forse andare oltre i limiti che l&#8217;espressione artistica pu\u00f2 intuire?<\/p>\n<p>Ecco perch\u00e9 questa statua non ha volto. Questo deve essere immaginato e visto da chi prega tenendola in mano. Allora sar\u00e0 pi\u00f9 reale e meno profano del viso pi\u00f9 bello che la fantasia del miglior artista possa immaginare.<\/p>\n<h6>Miquel Ambr\u00f2s i Albert\u00ed<br \/><em>Teologo ed esperto in scienze orientali<br \/><\/em>Palma di Maiorca 1995<\/h6>\n\t\t\t\t\t\t\t\t<\/div>\n\t\t\t\t<\/div>\n\t\t\t\t<div class=\"elementor-element elementor-element-fc37979 elementor-widget-divider--view-line elementor-widget elementor-widget-divider\" data-id=\"fc37979\" data-element_type=\"widget\" data-widget_type=\"divider.default\">\n\t\t\t\t<div class=\"elementor-widget-container\">\n\t\t\t\t\t\t\t<div class=\"elementor-divider\">\n\t\t\t<span class=\"elementor-divider-separator\">\n\t\t\t\t\t\t<\/span>\n\t\t<\/div>\n\t\t\t\t\t\t<\/div>\n\t\t\t\t<\/div>\n\t\t\t\t<div class=\"elementor-element elementor-element-43416b7 elementor-widget elementor-widget-text-editor\" data-id=\"43416b7\" data-element_type=\"widget\" data-widget_type=\"text-editor.default\">\n\t\t\t\t<div class=\"elementor-widget-container\">\n\t\t\t\t\t\t\t\t\t<h3 style=\"text-align: center;\"><a href=\"https:\/\/docs.google.com\/document\/d\/e\/2PACX-1vSbJ8UXRoLiv85XXZY2JUDpfCLOfIr9L-_W6Ayq6B956gXoSHg6YDelIIGmbm2wipCZAL9V0jZ9jCiN\/pub\" target=\"_blank\" rel=\"noopener\"><em>originale in catalano<\/em><\/a><\/h3>\n\t\t\t\t\t\t\t\t<\/div>\n\t\t\t\t<\/div>\n\t\t\t\t\t<\/div>\n\t\t<\/div>\n\t\t\t\t\t<\/div>\n\t\t<\/section>\n\t\t\t\t<\/div>\n\t\t","protected":false},"excerpt":{"rendered":"<p>L\u2019Icona multiforme Maria La statua Vi annunciamo ci\u00f2 che abbiamo sentito, ci\u00f2 che abbiamo visto con i nostri occhi, ci\u00f2 che abbiamo toccato con le nostre mani: la Parola della Vita. (1 Giovanni: v.l) Siamo abituati a pregare davanti all&#8217;immagine di Maria; ora possiamo pregare &#8220;con&#8221; l&#8217;immagine di Maria che le mani toccano e contengono. &#8230; <\/p>\n<p class=\"read-more-container\"><a title=\"L\u2019Icona multiforme Maria\" class=\"read-more button\" href=\"https:\/\/maria.guidodettoni.com\/it\/ispirazioni\/icona-multiforme-maria\/#more-18029\" aria-label=\"More on L\u2019Icona multiforme Maria\">Leggi tutto<\/a><\/p>\n","protected":false},"author":13,"featured_media":12770,"parent":12901,"menu_order":0,"comment_status":"closed","ping_status":"closed","template":"","meta":{"_acf_changed":false,"footnotes":""},"class_list":["post-18029","page","type-page","status-publish","has-post-thumbnail"],"acf":[],"yoast_head":"<!-- This site is optimized with the Yoast SEO plugin v24.4 - https:\/\/yoast.com\/wordpress\/plugins\/seo\/ -->\n<title>Icona multiforme MARIA - MARIA di Guido Dettoni della Grazia<\/title>\n<meta name=\"description\" content=\"Scritta &quot;Icona multiforme MARIA&quot; di Miquel Ambr\u00f2s i Albert\u00ed, teologo ed esperto di scienze orientali, Palma di Maiorca 1995\" \/>\n<meta name=\"robots\" content=\"index, follow, max-snippet:-1, max-image-preview:large, max-video-preview:-1\" \/>\n<link rel=\"canonical\" href=\"https:\/\/maria.guidodettoni.com\/it\/ispirazioni\/icona-multiforme-maria\/\" \/>\n<meta property=\"og:locale\" content=\"it_IT\" \/>\n<meta property=\"og:type\" content=\"article\" \/>\n<meta property=\"og:title\" content=\"Icona multiforme MARIA - MARIA di Guido Dettoni della Grazia\" \/>\n<meta property=\"og:description\" content=\"Scritta &quot;Icona multiforme MARIA&quot; di Miquel Ambr\u00f2s i Albert\u00ed, teologo ed esperto di scienze orientali, Palma di Maiorca 1995\" \/>\n<meta property=\"og:url\" content=\"https:\/\/maria.guidodettoni.com\/it\/ispirazioni\/icona-multiforme-maria\/\" \/>\n<meta property=\"og:site_name\" content=\"MARIA\" \/>\n<meta property=\"article:publisher\" content=\"https:\/\/www.facebook.com\/mostramaria\" \/>\n<meta property=\"article:modified_time\" content=\"2022-12-07T20:38:34+00:00\" \/>\n<meta property=\"og:image\" content=\"https:\/\/maria.guidodettoni.com\/wp-content\/uploads\/2022\/09\/maria-with-the-child.jpg\" \/>\n\t<meta property=\"og:image:width\" content=\"591\" \/>\n\t<meta property=\"og:image:height\" content=\"591\" \/>\n\t<meta property=\"og:image:type\" content=\"image\/jpeg\" \/>\n<meta name=\"twitter:card\" content=\"summary_large_image\" \/>\n<meta name=\"twitter:label1\" content=\"Tempo di lettura stimato\" \/>\n\t<meta name=\"twitter:data1\" content=\"2 minuti\" \/>\n<script type=\"application\/ld+json\" class=\"yoast-schema-graph\">{\"@context\":\"https:\/\/schema.org\",\"@graph\":[{\"@type\":\"WebPage\",\"@id\":\"https:\/\/maria.guidodettoni.com\/it\/ispirazioni\/icona-multiforme-maria\/\",\"url\":\"https:\/\/maria.guidodettoni.com\/it\/ispirazioni\/icona-multiforme-maria\/\",\"name\":\"Icona multiforme MARIA - MARIA di Guido Dettoni della Grazia\",\"isPartOf\":{\"@id\":\"https:\/\/maria.guidodettoni.com\/it\/#website\"},\"primaryImageOfPage\":{\"@id\":\"https:\/\/maria.guidodettoni.com\/it\/ispirazioni\/icona-multiforme-maria\/#primaryimage\"},\"image\":{\"@id\":\"https:\/\/maria.guidodettoni.com\/it\/ispirazioni\/icona-multiforme-maria\/#primaryimage\"},\"thumbnailUrl\":\"https:\/\/maria.guidodettoni.com\/wp-content\/uploads\/2022\/09\/maria-with-the-child.jpg\",\"datePublished\":\"2022-09-14T12:26:32+00:00\",\"dateModified\":\"2022-12-07T20:38:34+00:00\",\"description\":\"Scritta \\\"Icona multiforme MARIA\\\" di Miquel Ambr\u00f2s i Albert\u00ed, teologo ed esperto di scienze orientali, Palma di Maiorca 1995\",\"breadcrumb\":{\"@id\":\"https:\/\/maria.guidodettoni.com\/it\/ispirazioni\/icona-multiforme-maria\/#breadcrumb\"},\"inLanguage\":\"it-IT\",\"potentialAction\":[{\"@type\":\"ReadAction\",\"target\":[\"https:\/\/maria.guidodettoni.com\/it\/ispirazioni\/icona-multiforme-maria\/\"]}]},{\"@type\":\"ImageObject\",\"inLanguage\":\"it-IT\",\"@id\":\"https:\/\/maria.guidodettoni.com\/it\/ispirazioni\/icona-multiforme-maria\/#primaryimage\",\"url\":\"https:\/\/maria.guidodettoni.com\/wp-content\/uploads\/2022\/09\/maria-with-the-child.jpg\",\"contentUrl\":\"https:\/\/maria.guidodettoni.com\/wp-content\/uploads\/2022\/09\/maria-with-the-child.jpg\",\"width\":591,\"height\":591,\"caption\":\"with the child\"},{\"@type\":\"BreadcrumbList\",\"@id\":\"https:\/\/maria.guidodettoni.com\/it\/ispirazioni\/icona-multiforme-maria\/#breadcrumb\",\"itemListElement\":[{\"@type\":\"ListItem\",\"position\":1,\"name\":\"HOME\",\"item\":\"https:\/\/maria.guidodettoni.com\/it\/\"},{\"@type\":\"ListItem\",\"position\":2,\"name\":\"ispirazioni\",\"item\":\"https:\/\/maria.guidodettoni.com\/it\/inspirations\/\"},{\"@type\":\"ListItem\",\"position\":3,\"name\":\"L\u2019Icona multiforme Maria\"}]},{\"@type\":\"WebSite\",\"@id\":\"https:\/\/maria.guidodettoni.com\/it\/#website\",\"url\":\"https:\/\/maria.guidodettoni.com\/it\/\",\"name\":\"MARIA\",\"description\":\"by Guido Dettoni della Grazia\",\"publisher\":{\"@id\":\"https:\/\/maria.guidodettoni.com\/it\/#organization\"},\"alternateName\":\"by Guido Dettoni della Grazia\",\"potentialAction\":[{\"@type\":\"SearchAction\",\"target\":{\"@type\":\"EntryPoint\",\"urlTemplate\":\"https:\/\/maria.guidodettoni.com\/it\/?s={search_term_string}\"},\"query-input\":{\"@type\":\"PropertyValueSpecification\",\"valueRequired\":true,\"valueName\":\"search_term_string\"}}],\"inLanguage\":\"it-IT\"},{\"@type\":\"Organization\",\"@id\":\"https:\/\/maria.guidodettoni.com\/it\/#organization\",\"name\":\"MARIA\",\"alternateName\":\"MARIA\",\"url\":\"https:\/\/maria.guidodettoni.com\/it\/\",\"logo\":{\"@type\":\"ImageObject\",\"inLanguage\":\"it-IT\",\"@id\":\"https:\/\/maria.guidodettoni.com\/it\/#\/schema\/logo\/image\/\",\"url\":\"https:\/\/maria.guidodettoni.com\/wp-content\/uploads\/2022\/11\/maria-pic-logo.jpg\",\"contentUrl\":\"https:\/\/maria.guidodettoni.com\/wp-content\/uploads\/2022\/11\/maria-pic-logo.jpg\",\"width\":300,\"height\":300,\"caption\":\"MARIA\"},\"image\":{\"@id\":\"https:\/\/maria.guidodettoni.com\/it\/#\/schema\/logo\/image\/\"},\"sameAs\":[\"https:\/\/www.facebook.com\/mostramaria\",\"https:\/\/www.instagram.com\/mariaescultura\/\",\"https:\/\/www.youtube.com\/user\/nesherorg\",\"https:\/\/vimeo.com\/neshereditions\"]}]}<\/script>\n<!-- \/ Yoast SEO plugin. -->","yoast_head_json":{"title":"Icona multiforme MARIA - MARIA di Guido Dettoni della Grazia","description":"Scritta \"Icona multiforme MARIA\" di Miquel Ambr\u00f2s i Albert\u00ed, teologo ed esperto di scienze orientali, Palma di Maiorca 1995","robots":{"index":"index","follow":"follow","max-snippet":"max-snippet:-1","max-image-preview":"max-image-preview:large","max-video-preview":"max-video-preview:-1"},"canonical":"https:\/\/maria.guidodettoni.com\/it\/ispirazioni\/icona-multiforme-maria\/","og_locale":"it_IT","og_type":"article","og_title":"Icona multiforme MARIA - MARIA di Guido Dettoni della Grazia","og_description":"Scritta \"Icona multiforme MARIA\" di Miquel Ambr\u00f2s i Albert\u00ed, teologo ed esperto di scienze orientali, Palma di Maiorca 1995","og_url":"https:\/\/maria.guidodettoni.com\/it\/ispirazioni\/icona-multiforme-maria\/","og_site_name":"MARIA","article_publisher":"https:\/\/www.facebook.com\/mostramaria","article_modified_time":"2022-12-07T20:38:34+00:00","og_image":[{"width":591,"height":591,"url":"https:\/\/maria.guidodettoni.com\/wp-content\/uploads\/2022\/09\/maria-with-the-child.jpg","type":"image\/jpeg"}],"twitter_card":"summary_large_image","twitter_misc":{"Tempo di lettura stimato":"2 minuti"},"schema":{"@context":"https:\/\/schema.org","@graph":[{"@type":"WebPage","@id":"https:\/\/maria.guidodettoni.com\/it\/ispirazioni\/icona-multiforme-maria\/","url":"https:\/\/maria.guidodettoni.com\/it\/ispirazioni\/icona-multiforme-maria\/","name":"Icona multiforme MARIA - MARIA di Guido Dettoni della Grazia","isPartOf":{"@id":"https:\/\/maria.guidodettoni.com\/it\/#website"},"primaryImageOfPage":{"@id":"https:\/\/maria.guidodettoni.com\/it\/ispirazioni\/icona-multiforme-maria\/#primaryimage"},"image":{"@id":"https:\/\/maria.guidodettoni.com\/it\/ispirazioni\/icona-multiforme-maria\/#primaryimage"},"thumbnailUrl":"https:\/\/maria.guidodettoni.com\/wp-content\/uploads\/2022\/09\/maria-with-the-child.jpg","datePublished":"2022-09-14T12:26:32+00:00","dateModified":"2022-12-07T20:38:34+00:00","description":"Scritta \"Icona multiforme MARIA\" di Miquel Ambr\u00f2s i Albert\u00ed, teologo ed esperto di scienze orientali, Palma di Maiorca 1995","breadcrumb":{"@id":"https:\/\/maria.guidodettoni.com\/it\/ispirazioni\/icona-multiforme-maria\/#breadcrumb"},"inLanguage":"it-IT","potentialAction":[{"@type":"ReadAction","target":["https:\/\/maria.guidodettoni.com\/it\/ispirazioni\/icona-multiforme-maria\/"]}]},{"@type":"ImageObject","inLanguage":"it-IT","@id":"https:\/\/maria.guidodettoni.com\/it\/ispirazioni\/icona-multiforme-maria\/#primaryimage","url":"https:\/\/maria.guidodettoni.com\/wp-content\/uploads\/2022\/09\/maria-with-the-child.jpg","contentUrl":"https:\/\/maria.guidodettoni.com\/wp-content\/uploads\/2022\/09\/maria-with-the-child.jpg","width":591,"height":591,"caption":"with the child"},{"@type":"BreadcrumbList","@id":"https:\/\/maria.guidodettoni.com\/it\/ispirazioni\/icona-multiforme-maria\/#breadcrumb","itemListElement":[{"@type":"ListItem","position":1,"name":"HOME","item":"https:\/\/maria.guidodettoni.com\/it\/"},{"@type":"ListItem","position":2,"name":"ispirazioni","item":"https:\/\/maria.guidodettoni.com\/it\/inspirations\/"},{"@type":"ListItem","position":3,"name":"L\u2019Icona multiforme Maria"}]},{"@type":"WebSite","@id":"https:\/\/maria.guidodettoni.com\/it\/#website","url":"https:\/\/maria.guidodettoni.com\/it\/","name":"MARIA","description":"by Guido Dettoni della Grazia","publisher":{"@id":"https:\/\/maria.guidodettoni.com\/it\/#organization"},"alternateName":"by Guido Dettoni della Grazia","potentialAction":[{"@type":"SearchAction","target":{"@type":"EntryPoint","urlTemplate":"https:\/\/maria.guidodettoni.com\/it\/?s={search_term_string}"},"query-input":{"@type":"PropertyValueSpecification","valueRequired":true,"valueName":"search_term_string"}}],"inLanguage":"it-IT"},{"@type":"Organization","@id":"https:\/\/maria.guidodettoni.com\/it\/#organization","name":"MARIA","alternateName":"MARIA","url":"https:\/\/maria.guidodettoni.com\/it\/","logo":{"@type":"ImageObject","inLanguage":"it-IT","@id":"https:\/\/maria.guidodettoni.com\/it\/#\/schema\/logo\/image\/","url":"https:\/\/maria.guidodettoni.com\/wp-content\/uploads\/2022\/11\/maria-pic-logo.jpg","contentUrl":"https:\/\/maria.guidodettoni.com\/wp-content\/uploads\/2022\/11\/maria-pic-logo.jpg","width":300,"height":300,"caption":"MARIA"},"image":{"@id":"https:\/\/maria.guidodettoni.com\/it\/#\/schema\/logo\/image\/"},"sameAs":["https:\/\/www.facebook.com\/mostramaria","https:\/\/www.instagram.com\/mariaescultura\/","https:\/\/www.youtube.com\/user\/nesherorg","https:\/\/vimeo.com\/neshereditions"]}]}},"_links":{"self":[{"href":"https:\/\/maria.guidodettoni.com\/it\/wp-json\/wp\/v2\/pages\/18029","targetHints":{"allow":["GET"]}}],"collection":[{"href":"https:\/\/maria.guidodettoni.com\/it\/wp-json\/wp\/v2\/pages"}],"about":[{"href":"https:\/\/maria.guidodettoni.com\/it\/wp-json\/wp\/v2\/types\/page"}],"author":[{"embeddable":true,"href":"https:\/\/maria.guidodettoni.com\/it\/wp-json\/wp\/v2\/users\/13"}],"replies":[{"embeddable":true,"href":"https:\/\/maria.guidodettoni.com\/it\/wp-json\/wp\/v2\/comments?post=18029"}],"version-history":[{"count":1,"href":"https:\/\/maria.guidodettoni.com\/it\/wp-json\/wp\/v2\/pages\/18029\/revisions"}],"predecessor-version":[{"id":18030,"href":"https:\/\/maria.guidodettoni.com\/it\/wp-json\/wp\/v2\/pages\/18029\/revisions\/18030"}],"up":[{"embeddable":true,"href":"https:\/\/maria.guidodettoni.com\/it\/wp-json\/wp\/v2\/pages\/12901"}],"wp:featuredmedia":[{"embeddable":true,"href":"https:\/\/maria.guidodettoni.com\/it\/wp-json\/wp\/v2\/media\/12770"}],"wp:attachment":[{"href":"https:\/\/maria.guidodettoni.com\/it\/wp-json\/wp\/v2\/media?parent=18029"}],"curies":[{"name":"wp","href":"https:\/\/api.w.org\/{rel}","templated":true}]}}